{"id":29,"date":"2016-03-10T22:16:54","date_gmt":"2016-03-10T21:16:54","guid":{"rendered":"http:\/\/cecilia-stickler.com\/se\/?page_id=29"},"modified":"2016-03-10T22:19:46","modified_gmt":"2016-03-10T21:19:46","slug":"profilen","status":"publish","type":"page","link":"https:\/\/cecilia-stickler.com\/se\/profilen\/","title":{"rendered":"Profilen"},"content":{"rendered":"<div class=\"two-thirds first\">\nCecilia Stickler<br \/>\n\u00d6vers\u00e4ttningar fr\u00e5n svenska till tyska och fr\u00e5n tyska till svenska Statligt examinerad och auktoriserad \u00f6vers\u00e4ttare.<br \/>\nMedlem i Bundesverband der Dolmetscher und \u00dcbersetzer (BD\u00dc).<br \/>\nMedlem i Svenska fack\u00f6vers\u00e4ttare (SF\u00d6)<br \/>\nStatligt examinerad och auktoriserad domstols\u00f6vers\u00e4ttare f\u00f6r svenska f\u00f6r domstolarna i Berlin.<\/p>\n<p>Svenskl\u00e4rare.<\/p>\n<p>Modersm\u00e5l: svenska\n<\/p><\/div>\n<div class=\"one-third\">\n<img decoding=\"async\" loading=\"lazy\" src=\"https:\/\/cecilia-stickler.com\/se\/wp-content\/uploads\/2016\/03\/c-stickler-portrait.jpg\" alt=\"Cecilia Stickler\" width=\"172\" height=\"246\" class=\"alignnone size-full wp-image-11\" \/>\n<\/div>\n","protected":false},"excerpt":{"rendered":"<p>Cecilia Stickler \u00d6vers\u00e4ttningar fr\u00e5n svenska till tyska och fr\u00e5n tyska till svenska Statligt examinerad och auktoriserad \u00f6vers\u00e4ttare. Medlem i Bundesverband der Dolmetscher und \u00dcbersetzer (BD\u00dc). Medlem i Svenska fack\u00f6vers\u00e4ttare (SF\u00d6) Statligt examinerad och auktoriserad domstols\u00f6vers\u00e4ttare f\u00f6r svenska f\u00f6r domstolarna i Berlin. Svenskl\u00e4rare. Modersm\u00e5l: svenska<\/p>\n","protected":false},"author":1,"featured_media":0,"parent":0,"menu_order":0,"comment_status":"closed","ping_status":"closed","template":"","meta":{"_genesis_hide_title":false,"_genesis_hide_breadcrumbs":false,"_genesis_hide_singular_image":false,"_genesis_hide_footer_widgets":false,"_genesis_custom_body_class":"","_genesis_custom_post_class":"","_genesis_layout":""},"yoast_head":"<!-- This site is optimized with the Yoast SEO plugin v20.0 - https:\/\/yoast.com\/wordpress\/plugins\/seo\/ -->\n<title>Profilen - Cecilia Stickler<\/title>\n<meta name=\"robots\" content=\"index, follow, max-snippet:-1, max-image-preview:large, max-video-preview:-1\" \/>\n<link rel=\"canonical\" href=\"https:\/\/cecilia-stickler.com\/se\/profilen\/\" \/>\n<meta property=\"og:locale\" content=\"sv_SE\" \/>\n<meta property=\"og:type\" content=\"article\" \/>\n<meta property=\"og:title\" content=\"Profilen - Cecilia Stickler\" \/>\n<meta property=\"og:description\" content=\"Cecilia Stickler \u00d6vers\u00e4ttningar fr\u00e5n svenska till tyska och fr\u00e5n tyska till svenska Statligt examinerad och auktoriserad \u00f6vers\u00e4ttare. Medlem i Bundesverband der Dolmetscher und \u00dcbersetzer (BD\u00dc). Medlem i Svenska fack\u00f6vers\u00e4ttare (SF\u00d6) Statligt examinerad och auktoriserad domstols\u00f6vers\u00e4ttare f\u00f6r svenska f\u00f6r domstolarna i Berlin. Svenskl\u00e4rare. Modersm\u00e5l: svenska\" \/>\n<meta property=\"og:url\" content=\"https:\/\/cecilia-stickler.com\/se\/profilen\/\" \/>\n<meta property=\"og:site_name\" content=\"Cecilia Stickler\" \/>\n<meta property=\"article:modified_time\" content=\"2016-03-10T21:19:46+00:00\" \/>\n<meta property=\"og:image\" content=\"https:\/\/cecilia-stickler.com\/se\/wp-content\/uploads\/2016\/03\/c-stickler-portrait.jpg\" \/>\n<meta name=\"twitter:card\" content=\"summary_large_image\" \/>\n<script type=\"application\/ld+json\" class=\"yoast-schema-graph\">{\"@context\":\"https:\/\/schema.org\",\"@graph\":[{\"@type\":\"WebPage\",\"@id\":\"https:\/\/cecilia-stickler.com\/se\/profilen\/\",\"url\":\"https:\/\/cecilia-stickler.com\/se\/profilen\/\",\"name\":\"Profilen - Cecilia Stickler\",\"isPartOf\":{\"@id\":\"https:\/\/cecilia-stickler.com\/se\/#website\"},\"datePublished\":\"2016-03-10T21:16:54+00:00\",\"dateModified\":\"2016-03-10T21:19:46+00:00\",\"breadcrumb\":{\"@id\":\"https:\/\/cecilia-stickler.com\/se\/profilen\/#breadcrumb\"},\"inLanguage\":\"sv-SE\",\"potentialAction\":[{\"@type\":\"ReadAction\",\"target\":[\"https:\/\/cecilia-stickler.com\/se\/profilen\/\"]}]},{\"@type\":\"BreadcrumbList\",\"@id\":\"https:\/\/cecilia-stickler.com\/se\/profilen\/#breadcrumb\",\"itemListElement\":[{\"@type\":\"ListItem\",\"position\":1,\"name\":\"Hem\",\"item\":\"https:\/\/cecilia-stickler.com\/se\/\"},{\"@type\":\"ListItem\",\"position\":2,\"name\":\"Profilen\"}]},{\"@type\":\"WebSite\",\"@id\":\"https:\/\/cecilia-stickler.com\/se\/#website\",\"url\":\"https:\/\/cecilia-stickler.com\/se\/\",\"name\":\"Cecilia Stickler\",\"description\":\"\",\"potentialAction\":[{\"@type\":\"SearchAction\",\"target\":{\"@type\":\"EntryPoint\",\"urlTemplate\":\"https:\/\/cecilia-stickler.com\/se\/?s={search_term_string}\"},\"query-input\":\"required name=search_term_string\"}],\"inLanguage\":\"sv-SE\"}]}<\/script>\n<!-- \/ Yoast SEO plugin. -->","yoast_head_json":{"title":"Profilen - Cecilia Stickler","robots":{"index":"index","follow":"follow","max-snippet":"max-snippet:-1","max-image-preview":"max-image-preview:large","max-video-preview":"max-video-preview:-1"},"canonical":"https:\/\/cecilia-stickler.com\/se\/profilen\/","og_locale":"sv_SE","og_type":"article","og_title":"Profilen - Cecilia Stickler","og_description":"Cecilia Stickler \u00d6vers\u00e4ttningar fr\u00e5n svenska till tyska och fr\u00e5n tyska till svenska Statligt examinerad och auktoriserad \u00f6vers\u00e4ttare. Medlem i Bundesverband der Dolmetscher und \u00dcbersetzer (BD\u00dc). Medlem i Svenska fack\u00f6vers\u00e4ttare (SF\u00d6) Statligt examinerad och auktoriserad domstols\u00f6vers\u00e4ttare f\u00f6r svenska f\u00f6r domstolarna i Berlin. Svenskl\u00e4rare. Modersm\u00e5l: svenska","og_url":"https:\/\/cecilia-stickler.com\/se\/profilen\/","og_site_name":"Cecilia Stickler","article_modified_time":"2016-03-10T21:19:46+00:00","og_image":[{"url":"https:\/\/cecilia-stickler.com\/se\/wp-content\/uploads\/2016\/03\/c-stickler-portrait.jpg"}],"twitter_card":"summary_large_image","schema":{"@context":"https:\/\/schema.org","@graph":[{"@type":"WebPage","@id":"https:\/\/cecilia-stickler.com\/se\/profilen\/","url":"https:\/\/cecilia-stickler.com\/se\/profilen\/","name":"Profilen - Cecilia Stickler","isPartOf":{"@id":"https:\/\/cecilia-stickler.com\/se\/#website"},"datePublished":"2016-03-10T21:16:54+00:00","dateModified":"2016-03-10T21:19:46+00:00","breadcrumb":{"@id":"https:\/\/cecilia-stickler.com\/se\/profilen\/#breadcrumb"},"inLanguage":"sv-SE","potentialAction":[{"@type":"ReadAction","target":["https:\/\/cecilia-stickler.com\/se\/profilen\/"]}]},{"@type":"BreadcrumbList","@id":"https:\/\/cecilia-stickler.com\/se\/profilen\/#breadcrumb","itemListElement":[{"@type":"ListItem","position":1,"name":"Hem","item":"https:\/\/cecilia-stickler.com\/se\/"},{"@type":"ListItem","position":2,"name":"Profilen"}]},{"@type":"WebSite","@id":"https:\/\/cecilia-stickler.com\/se\/#website","url":"https:\/\/cecilia-stickler.com\/se\/","name":"Cecilia Stickler","description":"","potentialAction":[{"@type":"SearchAction","target":{"@type":"EntryPoint","urlTemplate":"https:\/\/cecilia-stickler.com\/se\/?s={search_term_string}"},"query-input":"required name=search_term_string"}],"inLanguage":"sv-SE"}]}},"_links":{"self":[{"href":"https:\/\/cecilia-stickler.com\/se\/wp-json\/wp\/v2\/pages\/29"}],"collection":[{"href":"https:\/\/cecilia-stickler.com\/se\/wp-json\/wp\/v2\/pages"}],"about":[{"href":"https:\/\/cecilia-stickler.com\/se\/wp-json\/wp\/v2\/types\/page"}],"author":[{"embeddable":true,"href":"https:\/\/cecilia-stickler.com\/se\/wp-json\/wp\/v2\/users\/1"}],"replies":[{"embeddable":true,"href":"https:\/\/cecilia-stickler.com\/se\/wp-json\/wp\/v2\/comments?post=29"}],"version-history":[{"count":5,"href":"https:\/\/cecilia-stickler.com\/se\/wp-json\/wp\/v2\/pages\/29\/revisions"}],"predecessor-version":[{"id":35,"href":"https:\/\/cecilia-stickler.com\/se\/wp-json\/wp\/v2\/pages\/29\/revisions\/35"}],"wp:attachment":[{"href":"https:\/\/cecilia-stickler.com\/se\/wp-json\/wp\/v2\/media?parent=29"}],"curies":[{"name":"wp","href":"https:\/\/api.w.org\/{rel}","templated":true}]}}