{"id":20,"date":"2016-03-10T22:07:17","date_gmt":"2016-03-10T21:07:17","guid":{"rendered":"http:\/\/cecilia-stickler.com\/se\/?page_id=20"},"modified":"2016-03-14T18:10:23","modified_gmt":"2016-03-14T17:10:23","slug":"oeversaettningar-priser","status":"publish","type":"page","link":"https:\/\/cecilia-stickler.com\/se\/oeversaettningar-priser\/","title":{"rendered":"Priser"},"content":{"rendered":"<ul>\n<li>Priset ber\u00e4knas p\u00e5 antalet rader (55 tecken) \u00f6vers\u00e4ttning.<\/li>\n<li>Priset varierar allt efter sv\u00e5righetsgrad.<\/li>\n<li>Underlag f\u00f6r prisber\u00e4kningen \u00e4r JVEG (Justizverg\u00fctungs- und Entsch\u00e4digungsgesetz).<\/li>\n<\/ul>\n<p><a href=\"mailto:post@cecilia-stickler.com\">H\u00f6r g\u00e4rna av dig s\u00e5 att jag kan tala om vad \u00f6vers\u00e4ttningen just i ditt fall kostar.<\/a><\/p>\n","protected":false},"excerpt":{"rendered":"<p>Priset ber\u00e4knas p\u00e5 antalet rader (55 tecken) \u00f6vers\u00e4ttning. Priset varierar allt efter sv\u00e5righetsgrad. Underlag f\u00f6r prisber\u00e4kningen \u00e4r JVEG (Justizverg\u00fctungs- und Entsch\u00e4digungsgesetz). H\u00f6r g\u00e4rna av dig s\u00e5 att jag kan tala om vad \u00f6vers\u00e4ttningen just i ditt fall kostar.<\/p>\n","protected":false},"author":1,"featured_media":0,"parent":0,"menu_order":0,"comment_status":"closed","ping_status":"closed","template":"","meta":{"_genesis_hide_title":false,"_genesis_hide_breadcrumbs":false,"_genesis_hide_singular_image":false,"_genesis_hide_footer_widgets":false,"_genesis_custom_body_class":"","_genesis_custom_post_class":"","_genesis_layout":""},"yoast_head":"<!-- This site is optimized with the Yoast SEO plugin v20.0 - https:\/\/yoast.com\/wordpress\/plugins\/seo\/ -->\n<title>Priser - Cecilia Stickler<\/title>\n<meta name=\"robots\" content=\"index, follow, max-snippet:-1, max-image-preview:large, max-video-preview:-1\" \/>\n<link rel=\"canonical\" href=\"https:\/\/cecilia-stickler.com\/se\/oeversaettningar-priser\/\" \/>\n<meta property=\"og:locale\" content=\"sv_SE\" \/>\n<meta property=\"og:type\" content=\"article\" \/>\n<meta property=\"og:title\" content=\"Priser - Cecilia Stickler\" \/>\n<meta property=\"og:description\" content=\"Priset ber\u00e4knas p\u00e5 antalet rader (55 tecken) \u00f6vers\u00e4ttning. Priset varierar allt efter sv\u00e5righetsgrad. Underlag f\u00f6r prisber\u00e4kningen \u00e4r JVEG (Justizverg\u00fctungs- und Entsch\u00e4digungsgesetz). H\u00f6r g\u00e4rna av dig s\u00e5 att jag kan tala om vad \u00f6vers\u00e4ttningen just i ditt fall kostar.\" \/>\n<meta property=\"og:url\" content=\"https:\/\/cecilia-stickler.com\/se\/oeversaettningar-priser\/\" \/>\n<meta property=\"og:site_name\" content=\"Cecilia Stickler\" \/>\n<meta property=\"article:modified_time\" content=\"2016-03-14T17:10:23+00:00\" \/>\n<meta name=\"twitter:card\" content=\"summary_large_image\" \/>\n<script type=\"application\/ld+json\" class=\"yoast-schema-graph\">{\"@context\":\"https:\/\/schema.org\",\"@graph\":[{\"@type\":\"WebPage\",\"@id\":\"https:\/\/cecilia-stickler.com\/se\/oeversaettningar-priser\/\",\"url\":\"https:\/\/cecilia-stickler.com\/se\/oeversaettningar-priser\/\",\"name\":\"Priser - Cecilia Stickler\",\"isPartOf\":{\"@id\":\"https:\/\/cecilia-stickler.com\/se\/#website\"},\"datePublished\":\"2016-03-10T21:07:17+00:00\",\"dateModified\":\"2016-03-14T17:10:23+00:00\",\"breadcrumb\":{\"@id\":\"https:\/\/cecilia-stickler.com\/se\/oeversaettningar-priser\/#breadcrumb\"},\"inLanguage\":\"sv-SE\",\"potentialAction\":[{\"@type\":\"ReadAction\",\"target\":[\"https:\/\/cecilia-stickler.com\/se\/oeversaettningar-priser\/\"]}]},{\"@type\":\"BreadcrumbList\",\"@id\":\"https:\/\/cecilia-stickler.com\/se\/oeversaettningar-priser\/#breadcrumb\",\"itemListElement\":[{\"@type\":\"ListItem\",\"position\":1,\"name\":\"Hem\",\"item\":\"https:\/\/cecilia-stickler.com\/se\/\"},{\"@type\":\"ListItem\",\"position\":2,\"name\":\"Priser\"}]},{\"@type\":\"WebSite\",\"@id\":\"https:\/\/cecilia-stickler.com\/se\/#website\",\"url\":\"https:\/\/cecilia-stickler.com\/se\/\",\"name\":\"Cecilia Stickler\",\"description\":\"\",\"potentialAction\":[{\"@type\":\"SearchAction\",\"target\":{\"@type\":\"EntryPoint\",\"urlTemplate\":\"https:\/\/cecilia-stickler.com\/se\/?s={search_term_string}\"},\"query-input\":\"required name=search_term_string\"}],\"inLanguage\":\"sv-SE\"}]}<\/script>\n<!-- \/ Yoast SEO plugin. -->","yoast_head_json":{"title":"Priser - Cecilia Stickler","robots":{"index":"index","follow":"follow","max-snippet":"max-snippet:-1","max-image-preview":"max-image-preview:large","max-video-preview":"max-video-preview:-1"},"canonical":"https:\/\/cecilia-stickler.com\/se\/oeversaettningar-priser\/","og_locale":"sv_SE","og_type":"article","og_title":"Priser - Cecilia Stickler","og_description":"Priset ber\u00e4knas p\u00e5 antalet rader (55 tecken) \u00f6vers\u00e4ttning. Priset varierar allt efter sv\u00e5righetsgrad. Underlag f\u00f6r prisber\u00e4kningen \u00e4r JVEG (Justizverg\u00fctungs- und Entsch\u00e4digungsgesetz). H\u00f6r g\u00e4rna av dig s\u00e5 att jag kan tala om vad \u00f6vers\u00e4ttningen just i ditt fall kostar.","og_url":"https:\/\/cecilia-stickler.com\/se\/oeversaettningar-priser\/","og_site_name":"Cecilia Stickler","article_modified_time":"2016-03-14T17:10:23+00:00","twitter_card":"summary_large_image","schema":{"@context":"https:\/\/schema.org","@graph":[{"@type":"WebPage","@id":"https:\/\/cecilia-stickler.com\/se\/oeversaettningar-priser\/","url":"https:\/\/cecilia-stickler.com\/se\/oeversaettningar-priser\/","name":"Priser - Cecilia Stickler","isPartOf":{"@id":"https:\/\/cecilia-stickler.com\/se\/#website"},"datePublished":"2016-03-10T21:07:17+00:00","dateModified":"2016-03-14T17:10:23+00:00","breadcrumb":{"@id":"https:\/\/cecilia-stickler.com\/se\/oeversaettningar-priser\/#breadcrumb"},"inLanguage":"sv-SE","potentialAction":[{"@type":"ReadAction","target":["https:\/\/cecilia-stickler.com\/se\/oeversaettningar-priser\/"]}]},{"@type":"BreadcrumbList","@id":"https:\/\/cecilia-stickler.com\/se\/oeversaettningar-priser\/#breadcrumb","itemListElement":[{"@type":"ListItem","position":1,"name":"Hem","item":"https:\/\/cecilia-stickler.com\/se\/"},{"@type":"ListItem","position":2,"name":"Priser"}]},{"@type":"WebSite","@id":"https:\/\/cecilia-stickler.com\/se\/#website","url":"https:\/\/cecilia-stickler.com\/se\/","name":"Cecilia Stickler","description":"","potentialAction":[{"@type":"SearchAction","target":{"@type":"EntryPoint","urlTemplate":"https:\/\/cecilia-stickler.com\/se\/?s={search_term_string}"},"query-input":"required name=search_term_string"}],"inLanguage":"sv-SE"}]}},"_links":{"self":[{"href":"https:\/\/cecilia-stickler.com\/se\/wp-json\/wp\/v2\/pages\/20"}],"collection":[{"href":"https:\/\/cecilia-stickler.com\/se\/wp-json\/wp\/v2\/pages"}],"about":[{"href":"https:\/\/cecilia-stickler.com\/se\/wp-json\/wp\/v2\/types\/page"}],"author":[{"embeddable":true,"href":"https:\/\/cecilia-stickler.com\/se\/wp-json\/wp\/v2\/users\/1"}],"replies":[{"embeddable":true,"href":"https:\/\/cecilia-stickler.com\/se\/wp-json\/wp\/v2\/comments?post=20"}],"version-history":[{"count":5,"href":"https:\/\/cecilia-stickler.com\/se\/wp-json\/wp\/v2\/pages\/20\/revisions"}],"predecessor-version":[{"id":94,"href":"https:\/\/cecilia-stickler.com\/se\/wp-json\/wp\/v2\/pages\/20\/revisions\/94"}],"wp:attachment":[{"href":"https:\/\/cecilia-stickler.com\/se\/wp-json\/wp\/v2\/media?parent=20"}],"curies":[{"name":"wp","href":"https:\/\/api.w.org\/{rel}","templated":true}]}}