{"id":9,"date":"2016-03-10T21:11:39","date_gmt":"2016-03-10T20:11:39","guid":{"rendered":"http:\/\/cecilia-stickler.com\/de\/?page_id=9"},"modified":"2023-10-24T19:33:22","modified_gmt":"2023-10-24T17:33:22","slug":"impressum","status":"publish","type":"page","link":"https:\/\/cecilia-stickler.com\/de\/impressum\/","title":{"rendered":"Impressum"},"content":{"rendered":"<p>Cecilia Stickler<br \/>\nStaatlich gepr\u00fcfte \u00dcbersetzerin<\/p>\n<p>Rosenhof, Whg. D498,<br \/>\nWinfriedstr. 6,<br \/>\n14169 Berlin<br \/>\nMobil +49.173.668 73 36<\/p>\n<p>post@cecilia-stickler.com<\/p>\n<p><strong>\u00d6ffentliches Verfahrensverzeichnis<\/strong><br \/>\nGem\u00e4\u03b2 \u00a7 4g Bundesdatenschutzgesetz (BDSG) hat der Beauftragte f\u00fcr den Datenschutz bzw. die verantwortliche Stelle auf Antrag jedermann in geeigneter Weise die in \u00a7 4 e BDSG festgelegten Angaben verf\u00fcgbar zu machen.<br \/>\nDieser Verpflichtung kommen wir gerne auf Antrag nach. Bitte kontaktieren Sie uns unter den genannten Kontaktdaten.<\/p>\n<p><strong>Bildlizenzen<\/strong><br \/>\nIch bedanke mich recht herzlich bei unsplash und pixabay\u00a0f\u00fcr die fantastischen Fotoarbeiten, die ich frei nutzen darf.<\/p>\n","protected":false},"excerpt":{"rendered":"<p>Cecilia Stickler Staatlich gepr\u00fcfte \u00dcbersetzerin Rosenhof, Whg. D498, Winfriedstr. 6, 14169 Berlin Mobil +49.173.668 73 36 post@cecilia-stickler.com \u00d6ffentliches Verfahrensverzeichnis Gem\u00e4\u03b2 \u00a7 4g Bundesdatenschutzgesetz (BDSG) hat der Beauftragte f\u00fcr den Datenschutz bzw. die verantwortliche Stelle auf Antrag jedermann in geeigneter Weise die in \u00a7 4 e BDSG festgelegten Angaben verf\u00fcgbar zu machen. Dieser Verpflichtung kommen wir [&hellip;]<\/p>\n","protected":false},"author":1,"featured_media":0,"parent":0,"menu_order":0,"comment_status":"closed","ping_status":"closed","template":"","meta":{"_genesis_hide_title":false,"_genesis_hide_breadcrumbs":false,"_genesis_hide_singular_image":false,"_genesis_hide_footer_widgets":false,"_genesis_custom_body_class":"","_genesis_custom_post_class":"","_genesis_layout":""},"yoast_head":"<!-- This site is optimized with the Yoast SEO plugin v20.0 - https:\/\/yoast.com\/wordpress\/plugins\/seo\/ -->\n<title>Impressum - Cecilia Stickler<\/title>\n<meta name=\"robots\" content=\"index, follow, max-snippet:-1, max-image-preview:large, max-video-preview:-1\" \/>\n<link rel=\"canonical\" href=\"https:\/\/cecilia-stickler.com\/de\/impressum\/\" \/>\n<meta property=\"og:locale\" content=\"de_DE\" \/>\n<meta property=\"og:type\" content=\"article\" \/>\n<meta property=\"og:title\" content=\"Impressum - Cecilia Stickler\" \/>\n<meta property=\"og:description\" content=\"Cecilia Stickler Staatlich gepr\u00fcfte \u00dcbersetzerin Rosenhof, Whg. D498, Winfriedstr. 6, 14169 Berlin Mobil +49.173.668 73 36 post@cecilia-stickler.com \u00d6ffentliches Verfahrensverzeichnis Gem\u00e4\u03b2 \u00a7 4g Bundesdatenschutzgesetz (BDSG) hat der Beauftragte f\u00fcr den Datenschutz bzw. die verantwortliche Stelle auf Antrag jedermann in geeigneter Weise die in \u00a7 4 e BDSG festgelegten Angaben verf\u00fcgbar zu machen. Dieser Verpflichtung kommen wir [&hellip;]\" \/>\n<meta property=\"og:url\" content=\"https:\/\/cecilia-stickler.com\/de\/impressum\/\" \/>\n<meta property=\"og:site_name\" content=\"Cecilia Stickler\" \/>\n<meta property=\"article:modified_time\" content=\"2023-10-24T17:33:22+00:00\" \/>\n<meta name=\"twitter:card\" content=\"summary_large_image\" \/>\n<meta name=\"twitter:label1\" content=\"Gesch\u00e4tzte Lesezeit\" \/>\n\t<meta name=\"twitter:data1\" content=\"1\u00a0Minute\" \/>\n<script type=\"application\/ld+json\" class=\"yoast-schema-graph\">{\"@context\":\"https:\/\/schema.org\",\"@graph\":[{\"@type\":\"WebPage\",\"@id\":\"https:\/\/cecilia-stickler.com\/de\/impressum\/\",\"url\":\"https:\/\/cecilia-stickler.com\/de\/impressum\/\",\"name\":\"Impressum - Cecilia Stickler\",\"isPartOf\":{\"@id\":\"https:\/\/cecilia-stickler.com\/de\/#website\"},\"datePublished\":\"2016-03-10T20:11:39+00:00\",\"dateModified\":\"2023-10-24T17:33:22+00:00\",\"breadcrumb\":{\"@id\":\"https:\/\/cecilia-stickler.com\/de\/impressum\/#breadcrumb\"},\"inLanguage\":\"de\",\"potentialAction\":[{\"@type\":\"ReadAction\",\"target\":[\"https:\/\/cecilia-stickler.com\/de\/impressum\/\"]}]},{\"@type\":\"BreadcrumbList\",\"@id\":\"https:\/\/cecilia-stickler.com\/de\/impressum\/#breadcrumb\",\"itemListElement\":[{\"@type\":\"ListItem\",\"position\":1,\"name\":\"Home\",\"item\":\"https:\/\/cecilia-stickler.com\/de\/\"},{\"@type\":\"ListItem\",\"position\":2,\"name\":\"Impressum\"}]},{\"@type\":\"WebSite\",\"@id\":\"https:\/\/cecilia-stickler.com\/de\/#website\",\"url\":\"https:\/\/cecilia-stickler.com\/de\/\",\"name\":\"Cecilia Stickler\",\"description\":\"\",\"potentialAction\":[{\"@type\":\"SearchAction\",\"target\":{\"@type\":\"EntryPoint\",\"urlTemplate\":\"https:\/\/cecilia-stickler.com\/de\/?s={search_term_string}\"},\"query-input\":\"required name=search_term_string\"}],\"inLanguage\":\"de\"}]}<\/script>\n<!-- \/ Yoast SEO plugin. -->","yoast_head_json":{"title":"Impressum - Cecilia Stickler","robots":{"index":"index","follow":"follow","max-snippet":"max-snippet:-1","max-image-preview":"max-image-preview:large","max-video-preview":"max-video-preview:-1"},"canonical":"https:\/\/cecilia-stickler.com\/de\/impressum\/","og_locale":"de_DE","og_type":"article","og_title":"Impressum - Cecilia Stickler","og_description":"Cecilia Stickler Staatlich gepr\u00fcfte \u00dcbersetzerin Rosenhof, Whg. D498, Winfriedstr. 6, 14169 Berlin Mobil +49.173.668 73 36 post@cecilia-stickler.com \u00d6ffentliches Verfahrensverzeichnis Gem\u00e4\u03b2 \u00a7 4g Bundesdatenschutzgesetz (BDSG) hat der Beauftragte f\u00fcr den Datenschutz bzw. die verantwortliche Stelle auf Antrag jedermann in geeigneter Weise die in \u00a7 4 e BDSG festgelegten Angaben verf\u00fcgbar zu machen. Dieser Verpflichtung kommen wir [&hellip;]","og_url":"https:\/\/cecilia-stickler.com\/de\/impressum\/","og_site_name":"Cecilia Stickler","article_modified_time":"2023-10-24T17:33:22+00:00","twitter_card":"summary_large_image","twitter_misc":{"Gesch\u00e4tzte Lesezeit":"1\u00a0Minute"},"schema":{"@context":"https:\/\/schema.org","@graph":[{"@type":"WebPage","@id":"https:\/\/cecilia-stickler.com\/de\/impressum\/","url":"https:\/\/cecilia-stickler.com\/de\/impressum\/","name":"Impressum - Cecilia Stickler","isPartOf":{"@id":"https:\/\/cecilia-stickler.com\/de\/#website"},"datePublished":"2016-03-10T20:11:39+00:00","dateModified":"2023-10-24T17:33:22+00:00","breadcrumb":{"@id":"https:\/\/cecilia-stickler.com\/de\/impressum\/#breadcrumb"},"inLanguage":"de","potentialAction":[{"@type":"ReadAction","target":["https:\/\/cecilia-stickler.com\/de\/impressum\/"]}]},{"@type":"BreadcrumbList","@id":"https:\/\/cecilia-stickler.com\/de\/impressum\/#breadcrumb","itemListElement":[{"@type":"ListItem","position":1,"name":"Home","item":"https:\/\/cecilia-stickler.com\/de\/"},{"@type":"ListItem","position":2,"name":"Impressum"}]},{"@type":"WebSite","@id":"https:\/\/cecilia-stickler.com\/de\/#website","url":"https:\/\/cecilia-stickler.com\/de\/","name":"Cecilia Stickler","description":"","potentialAction":[{"@type":"SearchAction","target":{"@type":"EntryPoint","urlTemplate":"https:\/\/cecilia-stickler.com\/de\/?s={search_term_string}"},"query-input":"required name=search_term_string"}],"inLanguage":"de"}]}},"_links":{"self":[{"href":"https:\/\/cecilia-stickler.com\/de\/wp-json\/wp\/v2\/pages\/9"}],"collection":[{"href":"https:\/\/cecilia-stickler.com\/de\/wp-json\/wp\/v2\/pages"}],"about":[{"href":"https:\/\/cecilia-stickler.com\/de\/wp-json\/wp\/v2\/types\/page"}],"author":[{"embeddable":true,"href":"https:\/\/cecilia-stickler.com\/de\/wp-json\/wp\/v2\/users\/1"}],"replies":[{"embeddable":true,"href":"https:\/\/cecilia-stickler.com\/de\/wp-json\/wp\/v2\/comments?post=9"}],"version-history":[{"count":10,"href":"https:\/\/cecilia-stickler.com\/de\/wp-json\/wp\/v2\/pages\/9\/revisions"}],"predecessor-version":[{"id":156,"href":"https:\/\/cecilia-stickler.com\/de\/wp-json\/wp\/v2\/pages\/9\/revisions\/156"}],"wp:attachment":[{"href":"https:\/\/cecilia-stickler.com\/de\/wp-json\/wp\/v2\/media?parent=9"}],"curies":[{"name":"wp","href":"https:\/\/api.w.org\/{rel}","templated":true}]}}