{"id":17,"date":"2016-03-10T21:12:14","date_gmt":"2016-03-10T20:12:14","guid":{"rendered":"http:\/\/cecilia-stickler.com\/de\/?page_id=17"},"modified":"2016-03-14T18:13:15","modified_gmt":"2016-03-14T17:13:15","slug":"profil","status":"publish","type":"page","link":"https:\/\/cecilia-stickler.com\/de\/profil\/","title":{"rendered":"Profil"},"content":{"rendered":"<div class=\"two-thirds first\">Cecilia Stickler\u00dcbersetzungen Schwedisch Deutsch\u00a0 und \u00dcbersetzungen Deutsch Schwedisch.<br \/>\nStaatlich gepr\u00fcfte \u00dcbersetzerin.<br \/>\nF\u00fcr die Berliner Gerichte und Notare erm\u00e4chtigte \u00dcbersetzerin f\u00fcr die schwedische Sprache<\/p>\n<p>Mitglied im Bundesverband der Dolmetscher und \u00dcbersetzer (BD\u00dc).<br \/>\nMitglied im Verband der schwedischen Fach\u00fcbersetzer (SF\u00d6)<\/p>\n<p>Muttersprache: Schwedisch.<\/p>\n<\/div>\n<div class=\"one-third\"><img decoding=\"async\" loading=\"lazy\" class=\"alignnone size-full wp-image-34\" src=\"https:\/\/cecilia-stickler.com\/de\/wp-content\/uploads\/2016\/03\/c-stickler-portrait.jpg\" alt=\"Cecilia Stickler\" width=\"172\" height=\"246\" \/><\/div>\n","protected":false},"excerpt":{"rendered":"<p>Cecilia Stickler\u00dcbersetzungen Schwedisch Deutsch\u00a0 und \u00dcbersetzungen Deutsch Schwedisch. Staatlich gepr\u00fcfte \u00dcbersetzerin. F\u00fcr die Berliner Gerichte und Notare erm\u00e4chtigte \u00dcbersetzerin f\u00fcr die schwedische Sprache Mitglied im Bundesverband der Dolmetscher und \u00dcbersetzer (BD\u00dc). Mitglied im Verband der schwedischen Fach\u00fcbersetzer (SF\u00d6) Muttersprache: Schwedisch.<\/p>\n","protected":false},"author":1,"featured_media":0,"parent":0,"menu_order":0,"comment_status":"closed","ping_status":"closed","template":"","meta":{"_genesis_hide_title":false,"_genesis_hide_breadcrumbs":false,"_genesis_hide_singular_image":false,"_genesis_hide_footer_widgets":false,"_genesis_custom_body_class":"","_genesis_custom_post_class":"","_genesis_layout":""},"yoast_head":"<!-- This site is optimized with the Yoast SEO plugin v20.0 - https:\/\/yoast.com\/wordpress\/plugins\/seo\/ -->\n<title>Profil - Cecilia Stickler<\/title>\n<meta name=\"robots\" content=\"index, follow, max-snippet:-1, max-image-preview:large, max-video-preview:-1\" \/>\n<link rel=\"canonical\" href=\"https:\/\/cecilia-stickler.com\/de\/profil\/\" \/>\n<meta property=\"og:locale\" content=\"de_DE\" \/>\n<meta property=\"og:type\" content=\"article\" \/>\n<meta property=\"og:title\" content=\"Profil - Cecilia Stickler\" \/>\n<meta property=\"og:description\" content=\"Cecilia Stickler\u00dcbersetzungen Schwedisch Deutsch\u00a0 und \u00dcbersetzungen Deutsch Schwedisch. Staatlich gepr\u00fcfte \u00dcbersetzerin. F\u00fcr die Berliner Gerichte und Notare erm\u00e4chtigte \u00dcbersetzerin f\u00fcr die schwedische Sprache Mitglied im Bundesverband der Dolmetscher und \u00dcbersetzer (BD\u00dc). Mitglied im Verband der schwedischen Fach\u00fcbersetzer (SF\u00d6) Muttersprache: Schwedisch.\" \/>\n<meta property=\"og:url\" content=\"https:\/\/cecilia-stickler.com\/de\/profil\/\" \/>\n<meta property=\"og:site_name\" content=\"Cecilia Stickler\" \/>\n<meta property=\"article:modified_time\" content=\"2016-03-14T17:13:15+00:00\" \/>\n<meta property=\"og:image\" content=\"https:\/\/cecilia-stickler.com\/de\/wp-content\/uploads\/2016\/03\/c-stickler-portrait.jpg\" \/>\n<meta name=\"twitter:card\" content=\"summary_large_image\" \/>\n<script type=\"application\/ld+json\" class=\"yoast-schema-graph\">{\"@context\":\"https:\/\/schema.org\",\"@graph\":[{\"@type\":\"WebPage\",\"@id\":\"https:\/\/cecilia-stickler.com\/de\/profil\/\",\"url\":\"https:\/\/cecilia-stickler.com\/de\/profil\/\",\"name\":\"Profil - Cecilia Stickler\",\"isPartOf\":{\"@id\":\"https:\/\/cecilia-stickler.com\/de\/#website\"},\"datePublished\":\"2016-03-10T20:12:14+00:00\",\"dateModified\":\"2016-03-14T17:13:15+00:00\",\"breadcrumb\":{\"@id\":\"https:\/\/cecilia-stickler.com\/de\/profil\/#breadcrumb\"},\"inLanguage\":\"de\",\"potentialAction\":[{\"@type\":\"ReadAction\",\"target\":[\"https:\/\/cecilia-stickler.com\/de\/profil\/\"]}]},{\"@type\":\"BreadcrumbList\",\"@id\":\"https:\/\/cecilia-stickler.com\/de\/profil\/#breadcrumb\",\"itemListElement\":[{\"@type\":\"ListItem\",\"position\":1,\"name\":\"Home\",\"item\":\"https:\/\/cecilia-stickler.com\/de\/\"},{\"@type\":\"ListItem\",\"position\":2,\"name\":\"Profil\"}]},{\"@type\":\"WebSite\",\"@id\":\"https:\/\/cecilia-stickler.com\/de\/#website\",\"url\":\"https:\/\/cecilia-stickler.com\/de\/\",\"name\":\"Cecilia Stickler\",\"description\":\"\",\"potentialAction\":[{\"@type\":\"SearchAction\",\"target\":{\"@type\":\"EntryPoint\",\"urlTemplate\":\"https:\/\/cecilia-stickler.com\/de\/?s={search_term_string}\"},\"query-input\":\"required name=search_term_string\"}],\"inLanguage\":\"de\"}]}<\/script>\n<!-- \/ Yoast SEO plugin. -->","yoast_head_json":{"title":"Profil - Cecilia Stickler","robots":{"index":"index","follow":"follow","max-snippet":"max-snippet:-1","max-image-preview":"max-image-preview:large","max-video-preview":"max-video-preview:-1"},"canonical":"https:\/\/cecilia-stickler.com\/de\/profil\/","og_locale":"de_DE","og_type":"article","og_title":"Profil - Cecilia Stickler","og_description":"Cecilia Stickler\u00dcbersetzungen Schwedisch Deutsch\u00a0 und \u00dcbersetzungen Deutsch Schwedisch. Staatlich gepr\u00fcfte \u00dcbersetzerin. F\u00fcr die Berliner Gerichte und Notare erm\u00e4chtigte \u00dcbersetzerin f\u00fcr die schwedische Sprache Mitglied im Bundesverband der Dolmetscher und \u00dcbersetzer (BD\u00dc). Mitglied im Verband der schwedischen Fach\u00fcbersetzer (SF\u00d6) Muttersprache: Schwedisch.","og_url":"https:\/\/cecilia-stickler.com\/de\/profil\/","og_site_name":"Cecilia Stickler","article_modified_time":"2016-03-14T17:13:15+00:00","og_image":[{"url":"https:\/\/cecilia-stickler.com\/de\/wp-content\/uploads\/2016\/03\/c-stickler-portrait.jpg"}],"twitter_card":"summary_large_image","schema":{"@context":"https:\/\/schema.org","@graph":[{"@type":"WebPage","@id":"https:\/\/cecilia-stickler.com\/de\/profil\/","url":"https:\/\/cecilia-stickler.com\/de\/profil\/","name":"Profil - Cecilia Stickler","isPartOf":{"@id":"https:\/\/cecilia-stickler.com\/de\/#website"},"datePublished":"2016-03-10T20:12:14+00:00","dateModified":"2016-03-14T17:13:15+00:00","breadcrumb":{"@id":"https:\/\/cecilia-stickler.com\/de\/profil\/#breadcrumb"},"inLanguage":"de","potentialAction":[{"@type":"ReadAction","target":["https:\/\/cecilia-stickler.com\/de\/profil\/"]}]},{"@type":"BreadcrumbList","@id":"https:\/\/cecilia-stickler.com\/de\/profil\/#breadcrumb","itemListElement":[{"@type":"ListItem","position":1,"name":"Home","item":"https:\/\/cecilia-stickler.com\/de\/"},{"@type":"ListItem","position":2,"name":"Profil"}]},{"@type":"WebSite","@id":"https:\/\/cecilia-stickler.com\/de\/#website","url":"https:\/\/cecilia-stickler.com\/de\/","name":"Cecilia Stickler","description":"","potentialAction":[{"@type":"SearchAction","target":{"@type":"EntryPoint","urlTemplate":"https:\/\/cecilia-stickler.com\/de\/?s={search_term_string}"},"query-input":"required name=search_term_string"}],"inLanguage":"de"}]}},"_links":{"self":[{"href":"https:\/\/cecilia-stickler.com\/de\/wp-json\/wp\/v2\/pages\/17"}],"collection":[{"href":"https:\/\/cecilia-stickler.com\/de\/wp-json\/wp\/v2\/pages"}],"about":[{"href":"https:\/\/cecilia-stickler.com\/de\/wp-json\/wp\/v2\/types\/page"}],"author":[{"embeddable":true,"href":"https:\/\/cecilia-stickler.com\/de\/wp-json\/wp\/v2\/users\/1"}],"replies":[{"embeddable":true,"href":"https:\/\/cecilia-stickler.com\/de\/wp-json\/wp\/v2\/comments?post=17"}],"version-history":[{"count":3,"href":"https:\/\/cecilia-stickler.com\/de\/wp-json\/wp\/v2\/pages\/17\/revisions"}],"predecessor-version":[{"id":124,"href":"https:\/\/cecilia-stickler.com\/de\/wp-json\/wp\/v2\/pages\/17\/revisions\/124"}],"wp:attachment":[{"href":"https:\/\/cecilia-stickler.com\/de\/wp-json\/wp\/v2\/media?parent=17"}],"curies":[{"name":"wp","href":"https:\/\/api.w.org\/{rel}","templated":true}]}}