{"id":13,"date":"2016-03-10T21:12:01","date_gmt":"2016-03-10T20:12:01","guid":{"rendered":"http:\/\/cecilia-stickler.com\/de\/?page_id=13"},"modified":"2016-03-11T09:47:15","modified_gmt":"2016-03-11T08:47:15","slug":"uebersetzungen-leistungen","status":"publish","type":"page","link":"https:\/\/cecilia-stickler.com\/de\/uebersetzungen-leistungen\/","title":{"rendered":"Leistungen"},"content":{"rendered":"<ol>\n<li>Fachgerechte \u00dcbersetzungen Schwedisch-Deutsch und Deutsch-Schwedisch f\u00fcr gesch\u00e4ftliche und private Zwecke:\n<ul>\n<li>F\u00fcr die Berliner Gerichte und Notare erm\u00e4chtigter \u00dcbersetzer f\u00fcr die schwedische Sprache<\/li>\n<li>Werbetexte, Bedienungsanleitungen, Kataloge.<\/li>\n<\/ul>\n<\/li>\n<li>Spezialgebiete:\n<ul>\n<li>Recht (Urteils\u00fcbersetzungen Schwedisch-Deutsch, Deutsch-Schwedisch)<\/li>\n<li>Urkunden\u00fcbersetzungen Schwedisch-Deutsch, Deutsch-Schwedisch<\/li>\n<li>Zeugnis\u00fcbersetzungen Schwedisch-Deutsch, Deutsch-Schwedisch<\/li>\n<\/ul>\n<\/li>\n<li>Erweiterte Gebiete:\n<ul>\n<li>Werbetexte Schwedisch-Deutsch, Deutsch-Schwedisch<\/li>\n<li>Gebrauchsanleitungen Schwedisch-Deutsch, Deutsch-Schwedisch<\/li>\n<\/ul>\n<\/li>\n<\/ol>\n","protected":false},"excerpt":{"rendered":"<p>Fachgerechte \u00dcbersetzungen Schwedisch-Deutsch und Deutsch-Schwedisch f\u00fcr gesch\u00e4ftliche und private Zwecke: F\u00fcr die Berliner Gerichte und Notare erm\u00e4chtigter \u00dcbersetzer f\u00fcr die schwedische Sprache Werbetexte, Bedienungsanleitungen, Kataloge. Spezialgebiete: Recht (Urteils\u00fcbersetzungen Schwedisch-Deutsch, Deutsch-Schwedisch) Urkunden\u00fcbersetzungen Schwedisch-Deutsch, Deutsch-Schwedisch Zeugnis\u00fcbersetzungen Schwedisch-Deutsch, Deutsch-Schwedisch Erweiterte Gebiete: Werbetexte Schwedisch-Deutsch, Deutsch-Schwedisch Gebrauchsanleitungen Schwedisch-Deutsch, Deutsch-Schwedisch<\/p>\n","protected":false},"author":1,"featured_media":0,"parent":0,"menu_order":0,"comment_status":"closed","ping_status":"closed","template":"","meta":{"_genesis_hide_title":false,"_genesis_hide_breadcrumbs":false,"_genesis_hide_singular_image":false,"_genesis_hide_footer_widgets":false,"_genesis_custom_body_class":"","_genesis_custom_post_class":"","_genesis_layout":""},"yoast_head":"<!-- This site is optimized with the Yoast SEO plugin v20.0 - https:\/\/yoast.com\/wordpress\/plugins\/seo\/ -->\n<title>Leistungen - Cecilia Stickler<\/title>\n<meta name=\"robots\" content=\"index, follow, max-snippet:-1, max-image-preview:large, max-video-preview:-1\" \/>\n<link rel=\"canonical\" href=\"https:\/\/cecilia-stickler.com\/de\/uebersetzungen-leistungen\/\" \/>\n<meta property=\"og:locale\" content=\"de_DE\" \/>\n<meta property=\"og:type\" content=\"article\" \/>\n<meta property=\"og:title\" content=\"Leistungen - Cecilia Stickler\" \/>\n<meta property=\"og:description\" content=\"Fachgerechte \u00dcbersetzungen Schwedisch-Deutsch und Deutsch-Schwedisch f\u00fcr gesch\u00e4ftliche und private Zwecke: F\u00fcr die Berliner Gerichte und Notare erm\u00e4chtigter \u00dcbersetzer f\u00fcr die schwedische Sprache Werbetexte, Bedienungsanleitungen, Kataloge. Spezialgebiete: Recht (Urteils\u00fcbersetzungen Schwedisch-Deutsch, Deutsch-Schwedisch) Urkunden\u00fcbersetzungen Schwedisch-Deutsch, Deutsch-Schwedisch Zeugnis\u00fcbersetzungen Schwedisch-Deutsch, Deutsch-Schwedisch Erweiterte Gebiete: Werbetexte Schwedisch-Deutsch, Deutsch-Schwedisch Gebrauchsanleitungen Schwedisch-Deutsch, Deutsch-Schwedisch\" \/>\n<meta property=\"og:url\" content=\"https:\/\/cecilia-stickler.com\/de\/uebersetzungen-leistungen\/\" \/>\n<meta property=\"og:site_name\" content=\"Cecilia Stickler\" \/>\n<meta property=\"article:modified_time\" content=\"2016-03-11T08:47:15+00:00\" \/>\n<meta name=\"twitter:card\" content=\"summary_large_image\" \/>\n<script type=\"application\/ld+json\" class=\"yoast-schema-graph\">{\"@context\":\"https:\/\/schema.org\",\"@graph\":[{\"@type\":\"WebPage\",\"@id\":\"https:\/\/cecilia-stickler.com\/de\/uebersetzungen-leistungen\/\",\"url\":\"https:\/\/cecilia-stickler.com\/de\/uebersetzungen-leistungen\/\",\"name\":\"Leistungen - Cecilia Stickler\",\"isPartOf\":{\"@id\":\"https:\/\/cecilia-stickler.com\/de\/#website\"},\"datePublished\":\"2016-03-10T20:12:01+00:00\",\"dateModified\":\"2016-03-11T08:47:15+00:00\",\"breadcrumb\":{\"@id\":\"https:\/\/cecilia-stickler.com\/de\/uebersetzungen-leistungen\/#breadcrumb\"},\"inLanguage\":\"de\",\"potentialAction\":[{\"@type\":\"ReadAction\",\"target\":[\"https:\/\/cecilia-stickler.com\/de\/uebersetzungen-leistungen\/\"]}]},{\"@type\":\"BreadcrumbList\",\"@id\":\"https:\/\/cecilia-stickler.com\/de\/uebersetzungen-leistungen\/#breadcrumb\",\"itemListElement\":[{\"@type\":\"ListItem\",\"position\":1,\"name\":\"Home\",\"item\":\"https:\/\/cecilia-stickler.com\/de\/\"},{\"@type\":\"ListItem\",\"position\":2,\"name\":\"Leistungen\"}]},{\"@type\":\"WebSite\",\"@id\":\"https:\/\/cecilia-stickler.com\/de\/#website\",\"url\":\"https:\/\/cecilia-stickler.com\/de\/\",\"name\":\"Cecilia Stickler\",\"description\":\"\",\"potentialAction\":[{\"@type\":\"SearchAction\",\"target\":{\"@type\":\"EntryPoint\",\"urlTemplate\":\"https:\/\/cecilia-stickler.com\/de\/?s={search_term_string}\"},\"query-input\":\"required name=search_term_string\"}],\"inLanguage\":\"de\"}]}<\/script>\n<!-- \/ Yoast SEO plugin. -->","yoast_head_json":{"title":"Leistungen - Cecilia Stickler","robots":{"index":"index","follow":"follow","max-snippet":"max-snippet:-1","max-image-preview":"max-image-preview:large","max-video-preview":"max-video-preview:-1"},"canonical":"https:\/\/cecilia-stickler.com\/de\/uebersetzungen-leistungen\/","og_locale":"de_DE","og_type":"article","og_title":"Leistungen - Cecilia Stickler","og_description":"Fachgerechte \u00dcbersetzungen Schwedisch-Deutsch und Deutsch-Schwedisch f\u00fcr gesch\u00e4ftliche und private Zwecke: F\u00fcr die Berliner Gerichte und Notare erm\u00e4chtigter \u00dcbersetzer f\u00fcr die schwedische Sprache Werbetexte, Bedienungsanleitungen, Kataloge. Spezialgebiete: Recht (Urteils\u00fcbersetzungen Schwedisch-Deutsch, Deutsch-Schwedisch) Urkunden\u00fcbersetzungen Schwedisch-Deutsch, Deutsch-Schwedisch Zeugnis\u00fcbersetzungen Schwedisch-Deutsch, Deutsch-Schwedisch Erweiterte Gebiete: Werbetexte Schwedisch-Deutsch, Deutsch-Schwedisch Gebrauchsanleitungen Schwedisch-Deutsch, Deutsch-Schwedisch","og_url":"https:\/\/cecilia-stickler.com\/de\/uebersetzungen-leistungen\/","og_site_name":"Cecilia Stickler","article_modified_time":"2016-03-11T08:47:15+00:00","twitter_card":"summary_large_image","schema":{"@context":"https:\/\/schema.org","@graph":[{"@type":"WebPage","@id":"https:\/\/cecilia-stickler.com\/de\/uebersetzungen-leistungen\/","url":"https:\/\/cecilia-stickler.com\/de\/uebersetzungen-leistungen\/","name":"Leistungen - Cecilia Stickler","isPartOf":{"@id":"https:\/\/cecilia-stickler.com\/de\/#website"},"datePublished":"2016-03-10T20:12:01+00:00","dateModified":"2016-03-11T08:47:15+00:00","breadcrumb":{"@id":"https:\/\/cecilia-stickler.com\/de\/uebersetzungen-leistungen\/#breadcrumb"},"inLanguage":"de","potentialAction":[{"@type":"ReadAction","target":["https:\/\/cecilia-stickler.com\/de\/uebersetzungen-leistungen\/"]}]},{"@type":"BreadcrumbList","@id":"https:\/\/cecilia-stickler.com\/de\/uebersetzungen-leistungen\/#breadcrumb","itemListElement":[{"@type":"ListItem","position":1,"name":"Home","item":"https:\/\/cecilia-stickler.com\/de\/"},{"@type":"ListItem","position":2,"name":"Leistungen"}]},{"@type":"WebSite","@id":"https:\/\/cecilia-stickler.com\/de\/#website","url":"https:\/\/cecilia-stickler.com\/de\/","name":"Cecilia Stickler","description":"","potentialAction":[{"@type":"SearchAction","target":{"@type":"EntryPoint","urlTemplate":"https:\/\/cecilia-stickler.com\/de\/?s={search_term_string}"},"query-input":"required name=search_term_string"}],"inLanguage":"de"}]}},"_links":{"self":[{"href":"https:\/\/cecilia-stickler.com\/de\/wp-json\/wp\/v2\/pages\/13"}],"collection":[{"href":"https:\/\/cecilia-stickler.com\/de\/wp-json\/wp\/v2\/pages"}],"about":[{"href":"https:\/\/cecilia-stickler.com\/de\/wp-json\/wp\/v2\/types\/page"}],"author":[{"embeddable":true,"href":"https:\/\/cecilia-stickler.com\/de\/wp-json\/wp\/v2\/users\/1"}],"replies":[{"embeddable":true,"href":"https:\/\/cecilia-stickler.com\/de\/wp-json\/wp\/v2\/comments?post=13"}],"version-history":[{"count":3,"href":"https:\/\/cecilia-stickler.com\/de\/wp-json\/wp\/v2\/pages\/13\/revisions"}],"predecessor-version":[{"id":57,"href":"https:\/\/cecilia-stickler.com\/de\/wp-json\/wp\/v2\/pages\/13\/revisions\/57"}],"wp:attachment":[{"href":"https:\/\/cecilia-stickler.com\/de\/wp-json\/wp\/v2\/media?parent=13"}],"curies":[{"name":"wp","href":"https:\/\/api.w.org\/{rel}","templated":true}]}}